{"id":205,"date":"2021-12-10T09:45:35","date_gmt":"2021-12-10T09:45:35","guid":{"rendered":"https:\/\/dsc2.ch\/?page_id=205"},"modified":"2025-09-29T19:41:19","modified_gmt":"2025-09-29T19:41:19","slug":"impressum","status":"publish","type":"page","link":"https:\/\/dsc2.info\/index.php\/dsc2-bestellen\/impressum\/","title":{"rendered":"Impressum"},"content":{"rendered":"\n<p>Herausgeber und Urheberschaft<\/p>\n\n\n\n<p>TECint GmbH<br>Culmannstrasse 36<br>8006 Z\u00fcrich<\/p>\n\n\n\n<p><\/p>\n\n\n\n<p><strong>Datenschutz<\/strong><\/p>\n\n\n\n<p>Die Datenschutzerkl\u00e4rung finden Sie <a href=\"https:\/\/dsc2.info\/index.php\/order\/datenschutzerklarung\/\">hier<\/a>.<\/p>\n\n\n\n<p>Wir unternehmen alle zumutbaren Schritte, um die Zuverl\u00e4ssigkeit der in unserem  Angebot  pr\u00e4sentierten Informationen sicherzustellen, doch machen wir keinerlei Zusagen bez\u00fcglich Korrektheit, Zuverl\u00e4ssigkeit oder Vollst\u00e4ndigkeit der auf unseren Webseiten enthaltenen Informationen. Wir behalten uns die Rechte vor, jederzeit ohne vorg\u00e4ngige Ank\u00fcndigung \u00c4nderungen an diesem  Angebot vorzunehmen.<\/p>\n\n\n\n<p>Vorbeh\u00e4ltlich anderer gesetzlicher Bestimmungen unterstehen das vorliegende Angebot und dessen Benutzung sowie Services, welche mit dem Webangebot in Zusammenhang stehen, ausschliesslich schweizerischem Recht. Ausschliesslicher Gerichtsstand f\u00fcr alle im Zusammenhang mit der Benutzung dieses  Angebots stehenden Streitigkeiten ist Z\u00fcrich (8006).<\/p>\n\n\n\n<p>Stand: Januar 2022<\/p>\n","protected":false},"excerpt":{"rendered":"<p>Herausgeber und Urheberschaft TECint GmbHCulmannstrasse 368006 Z\u00fcrich Datenschutz Die Datenschutzerkl\u00e4rung finden Sie hier. Wir unternehmen alle zumutbaren Schritte, um die Zuverl\u00e4ssigkeit der in unserem Angebot &hellip;<\/p>\n","protected":false},"author":1,"featured_media":0,"parent":371,"menu_order":7,"comment_status":"closed","ping_status":"closed","template":"","meta":{"footnotes":""},"class_list":["post-205","page","type-page","status-publish","hentry"],"_links":{"self":[{"href":"https:\/\/dsc2.info\/index.php\/wp-json\/wp\/v2\/pages\/205","targetHints":{"allow":["GET"]}}],"collection":[{"href":"https:\/\/dsc2.info\/index.php\/wp-json\/wp\/v2\/pages"}],"about":[{"href":"https:\/\/dsc2.info\/index.php\/wp-json\/wp\/v2\/types\/page"}],"author":[{"embeddable":true,"href":"https:\/\/dsc2.info\/index.php\/wp-json\/wp\/v2\/users\/1"}],"replies":[{"embeddable":true,"href":"https:\/\/dsc2.info\/index.php\/wp-json\/wp\/v2\/comments?post=205"}],"version-history":[{"count":7,"href":"https:\/\/dsc2.info\/index.php\/wp-json\/wp\/v2\/pages\/205\/revisions"}],"predecessor-version":[{"id":296,"href":"https:\/\/dsc2.info\/index.php\/wp-json\/wp\/v2\/pages\/205\/revisions\/296"}],"up":[{"embeddable":true,"href":"https:\/\/dsc2.info\/index.php\/wp-json\/wp\/v2\/pages\/371"}],"wp:attachment":[{"href":"https:\/\/dsc2.info\/index.php\/wp-json\/wp\/v2\/media?parent=205"}],"curies":[{"name":"wp","href":"https:\/\/api.w.org\/{rel}","templated":true}]}}