{"id":201,"date":"2021-12-10T09:38:42","date_gmt":"2021-12-10T09:38:42","guid":{"rendered":"https:\/\/dsc2.ch\/?page_id=201"},"modified":"2025-09-29T19:41:05","modified_gmt":"2025-09-29T19:41:05","slug":"datenschutzerklarung","status":"publish","type":"page","link":"https:\/\/dsc2.info\/index.php\/dsc2-bestellen\/datenschutzerklarung\/","title":{"rendered":"Datenschutzerkl\u00e4rung"},"content":{"rendered":"\n<p>Der Schutz Ihrer pers\u00f6nlichen Daten ist uns wichtig. Bei der Speicherung und Verarbeitung Ihrer Benutzerdaten werden deshalb die massgebenden eidgen\u00f6ssischen und kantonalen Datenschutzbestimmungen sowie die europ\u00e4ische Datenschutz-Grundverordnung (DSGVO), soweit anwendbar, eingehalten. Die vorliegende Datenschutzerkl\u00e4rung bezieht sich auf das Angebot dsc2.info der TECint GmbH, Culmannstrasse 36, 8006 Z\u00fcrich.<\/p>\n\n\n\n<ul class=\"wp-block-list\">\n<li>Zur Optimierung unseres Webauftritts ist in unserem Webauftritt ein Statistik-Instrument im Einsatz. Das Statistik-Instrument informiert uns \u00fcber die Nutzung unseres Webauftritts. Es zeichnet anonymisierte Informationen zu Seiten- und Linkaufrufen, zu Downloads, zur Herkunft, zur Infrastruktur, zur Software und zur Browsereinstellung der Webbesuchenden. Die Daten werden anonymisiert in Rechenzentren in der Schweiz ausgewertet. Ihre Daten werden nur statistisch aufgezeichnet, wenn Sie uns Ihr Einverst\u00e4ndnis daf\u00fcr erteilen.<\/li>\n\n\n\n<li>Bei speziellen Diensten kommen Services Dritter zum Einsatz (z.B. reCaptacha von Google). <br>Einige dieser Dritten haben sich vertraglich dazu verpflichtet, den Schutz Ihrer Personendaten zu gew\u00e4hrleisten. Bei der Nutzung dieser Dienste gelangen Ihre Datenspuren (z.B. IP-Adresse) zu den Betreibern der Drittplattform, und deren Datenschutzbedingungen kommen zum Tragen.<\/li>\n\n\n\n<li>Wenn Sie uns im Rahmen von elektronischen Dienstleistungsangeboten online personenbezogene Informationen zustellen, so dienen diese Personendaten einzig dem uns erteilten Auftrag. Je nach Art des Dienstes k\u00f6nnen dabei unterschiedliche Software-Komponenten und die Betreiber dieser Komponenten involviert werden. Solche Dritte unterstehen wie wir der gemeinsamen Verpflichtung, die Bestimmungen des Datenschutzes vollumf\u00e4nglich einzuhalten und Personendaten einzig gem\u00e4ss dem definierten Auftrag und f\u00fcr den deklarierten Zweck zu verwenden.<\/li>\n\n\n\n<li>Um Missbr\u00e4uchen vorzubeugen, wird zusammen mit Online-Diensten durch unseren Schweizer Hosting-Partner die IP-Adresse gespeichert. Die Daten werden regelm\u00e4ssig gel\u00f6scht. Eine L\u00f6schung der Daten kann jederzeit auch \u00fcber den Webmaster beantragt werden.<\/li>\n\n\n\n<li>Gem\u00e4ss Bundesgesetz betreffend die \u00dcberwachung des Post- und Fernmeldeverkehrs (B\u00dcPF) m\u00fcssen die Verbindungsdaten (Log-Daten) der Zugriffe auf unser Webangebot (sog. Randdaten) w\u00e4hrend sechs Monaten durch unseren Hosting-Partner aufbewahrt werden. Diese Daten werden ausschliesslich im Zusammenhang mit m\u00f6glichen Straftaten auf Gesuch an berechtigte Polizei- und weitere berechtigte Beh\u00f6rden und Dienste des Bundes und\/oder des Kantons weitergegeben und in allen anderen F\u00e4llen nach Ablauf der Aufbewahrungsfrist gel\u00f6scht.<\/li>\n\n\n\n<li>Der Zugriff auf das DSC2 erfolgt mittels pers\u00f6nlichem Benutzerkonto. Wir empfehlen die Multi-Faktor-Authentisierung zu aktiveren. Bitte w\u00e4hlen Sie ein gen\u00fcgend starkes Passwort.<br>Beachten Sie dazu die Hinweise beim Eingabefeld. Stellen Sie sicher, dass Ihr Passwort nicht in die H\u00e4nde Dritter gelangt. Falls jemand Ihr Passwort erraten haben k\u00f6nnte, \u00e4ndern Sie es.<\/li>\n\n\n\n<li>Unser System arbeitet mit gezielt genutzten Cookies, um den Benutzer\/-innen eine h\u00f6here Bedienerfreundlichkeit anzubieten. Cookies sind kleine Dateien, die zwischen dem Browser (z.B. Internet Explorer, Chrome, Safari, Firefox usw.) der Benutzer\/-innen und dem Webserver ausgetauscht werden und im Browser der Benutzer\/-innen gespeichert werden. Diese Cookies speichern bestimmte Einstellungen oder Informationen zur Nutzung des Webangebots. Sie k\u00f6nnen die Cookies auch ausschalten (unter Browser-Einstellungen &gt; Datenschutz). Bitte beachten Sie aber, dass dann zum Beispiel der Anmeldemechanismus nicht mehr zuverl\u00e4ssig funktioniert.<\/li>\n\n\n\n<li>Das Hosting dieses Webauftritts erfolgt in unserem Auftrag durch unsere Providerin der hosttech GmbH, Seestrasse 15a, CH &#8211; 8805 Richterswil. Die Daten werden durch uns nur bearbeitet, soweit es f\u00fcr den reibungslosen Betrieb des DSC2 notwendig ist.<\/li>\n\n\n\n<li>Wir haben zusammen mit unserem Provider angemessene technische und organisatorische Sicherheitsmassnahmen getroffen, um beim Benutzen unserer Anwendung zuf\u00e4llige oder<br>vors\u00e4tzliche Manipulationen, Verluste oder Zerst\u00f6rungen von Daten oder unberechtigte Zugriffe darauf zu verhindern.<\/li>\n\n\n\n<li>Die Verbindungen von und zum DSC2 werden TLS-verschl\u00fcsselt. So wird sichergestellt, dass Dritte die \u00fcbermittelten Daten nicht mitlesen k\u00f6nnen. Die Verschl\u00fcsselungsmechanismen richten sich jeweils nach dem neusten Stand der Technik und werden laufend an neue Erkenntnisse angepasst (z.B. AES-256-Bit-TLS).<\/li>\n\n\n\n<li>Bitte beachten Sie, dass E-Mails von Ihnen an uns oder von uns an Sie nicht verschl\u00fcsselt werden und damit auch nicht als sicheres Kommunikationsmittel gelten. E-Mails k\u00f6nnen zwischengespeichert, ausgewertet und von Zwischenstellen gelesen werden, zum Beispiel von E-Mail-Providern (Bluewin, Hotmail, Gmail, Cablecom etc.) oder Arbeitgebern (bei Gesch\u00e4fts-E-Mails), aber auch durch Angreifer (sog. \u201eMen in the Middle\u201c), besonders (aber nicht ausschliesslich) bei der Verwendung von WLAN. Verwenden Sie also E-Mails weder f\u00fcr vertrauliche Sachverhalte noch f\u00fcr vertrauliche Daten, insbesondere nicht f\u00fcr Personendaten.<\/li>\n\n\n\n<li>Hinweise zu Sicherheitsvorf\u00e4llen nehmen wir gerne auch unter security [at] dsc2.info entgegen. Die Teilnahme an Bug Bounty Programmen behalten wir uns frei. Ethical Hacker bitten wir in jedem Fall um vorg\u00e4ngige Kontaktaufnahme.<br><br>F\u00fcr weitere Ausk\u00fcnfte stehen wir Ihnen gern zur Verf\u00fcgung.<br>E-Mail: info [at] dsc2.ch<br>Stand: Mai 2022<\/li>\n<\/ul>\n","protected":false},"excerpt":{"rendered":"<p>Der Schutz Ihrer pers\u00f6nlichen Daten ist uns wichtig. Bei der Speicherung und Verarbeitung Ihrer Benutzerdaten werden deshalb die massgebenden eidgen\u00f6ssischen und kantonalen Datenschutzbestimmungen sowie die &hellip;<\/p>\n","protected":false},"author":1,"featured_media":0,"parent":371,"menu_order":8,"comment_status":"closed","ping_status":"closed","template":"","meta":{"footnotes":""},"class_list":["post-201","page","type-page","status-publish","hentry"],"_links":{"self":[{"href":"https:\/\/dsc2.info\/index.php\/wp-json\/wp\/v2\/pages\/201","targetHints":{"allow":["GET"]}}],"collection":[{"href":"https:\/\/dsc2.info\/index.php\/wp-json\/wp\/v2\/pages"}],"about":[{"href":"https:\/\/dsc2.info\/index.php\/wp-json\/wp\/v2\/types\/page"}],"author":[{"embeddable":true,"href":"https:\/\/dsc2.info\/index.php\/wp-json\/wp\/v2\/users\/1"}],"replies":[{"embeddable":true,"href":"https:\/\/dsc2.info\/index.php\/wp-json\/wp\/v2\/comments?post=201"}],"version-history":[{"count":12,"href":"https:\/\/dsc2.info\/index.php\/wp-json\/wp\/v2\/pages\/201\/revisions"}],"predecessor-version":[{"id":336,"href":"https:\/\/dsc2.info\/index.php\/wp-json\/wp\/v2\/pages\/201\/revisions\/336"}],"up":[{"embeddable":true,"href":"https:\/\/dsc2.info\/index.php\/wp-json\/wp\/v2\/pages\/371"}],"wp:attachment":[{"href":"https:\/\/dsc2.info\/index.php\/wp-json\/wp\/v2\/media?parent=201"}],"curies":[{"name":"wp","href":"https:\/\/api.w.org\/{rel}","templated":true}]}}